{"id":16,"date":"2025-07-31T13:18:56","date_gmt":"2025-07-31T13:18:56","guid":{"rendered":"https:\/\/neokodas.lt\/?page_id=16"},"modified":"2025-11-19T18:05:46","modified_gmt":"2025-11-19T15:05:46","slug":"paslaugos","status":"publish","type":"page","link":"https:\/\/neokodas.lt\/en\/paslaugos\/","title":{"rendered":"Services"},"content":{"rendered":"<div data-elementor-type=\"wp-page\" data-elementor-id=\"16\" class=\"elementor elementor-16\" data-elementor-post-type=\"page\">\n\t\t\t\t<div class=\"elementor-element elementor-element-268ae35c e-con-full e-flex e-con e-parent\" data-id=\"268ae35c\" data-element_type=\"container\">\n\t\t<div class=\"elementor-element elementor-element-6862a8a1 e-flex e-con-boxed e-con e-child\" data-id=\"6862a8a1\" data-element_type=\"container\">\n\t\t\t\t\t<div class=\"e-con-inner\">\n\t\t<div class=\"elementor-element elementor-element-dd39b6c e-con-full e-flex e-con e-child\" data-id=\"dd39b6c\" data-element_type=\"container\">\n\t\t<div class=\"elementor-element elementor-element-3642b1ed e-con-full e-flex e-con e-child\" data-id=\"3642b1ed\" data-element_type=\"container\">\n\t\t\t\t<div class=\"elementor-element elementor-element-5dc9ae10 elementor-widget elementor-widget-button\" data-id=\"5dc9ae10\" data-element_type=\"widget\" data-widget_type=\"button.default\">\n\t\t\t\t\t\t\t\t\t\t<a class=\"elementor-button elementor-button-link elementor-size-sm\" href=\"\/en\/kontaktai\/\">\n\t\t\t\t\t\t<span class=\"elementor-button-content-wrapper\">\n\t\t\t\t\t\t<span class=\"elementor-button-icon\">\n\t\t\t\t<svg xmlns=\"http:\/\/www.w3.org\/2000\/svg\" width=\"24\" height=\"24\" viewbox=\"0 0 24 24\" fill=\"none\"><path d=\"M12.75 15L15.75 12M15.75 12L12.75 9M15.75 12H8.25M21 12C21 13.1819 20.7672 14.3522 20.3149 15.4442C19.8626 16.5361 19.1997 17.5282 18.364 18.364C17.5282 19.1997 16.5361 19.8626 15.4442 20.3149C14.3522 20.7672 13.1819 21 12 21C10.8181 21 9.64778 20.7672 8.55585 20.3149C7.46392 19.8626 6.47177 19.1997 5.63604 18.364C4.80031 17.5282 4.13738 16.5361 3.68508 15.4442C3.23279 14.3522 3 13.1819 3 12C3 9.61305 3.94821 7.32387 5.63604 5.63604C7.32387 3.94821 9.61305 3 12 3C14.3869 3 16.6761 3.94821 18.364 5.63604C20.0518 7.32387 21 9.61305 21 12Z\" stroke=\"white\" stroke-width=\"1.4\" stroke-linecap=\"round\" stroke-linejoin=\"round\"><\/path><\/svg>\t\t\t<\/span>\n\t\t\t\t\t\t\t\t\t<span class=\"elementor-button-text\">Contact us<\/span>\n\t\t\t\t\t<\/span>\n\t\t\t\t\t<\/a>\n\t\t\t\t\t\t\t\t<\/div>\n\t\t\t\t<\/div>\n\t\t\t\t<div class=\"elementor-element elementor-element-3c01611 elementor-widget elementor-widget-heading\" data-id=\"3c01611\" data-element_type=\"widget\" data-widget_type=\"heading.default\">\n\t\t\t\t\t<h2 class=\"elementor-heading-title elementor-size-default\">How we take your business to the next level<\/h2>\t\t\t\t<\/div>\n\t\t\t\t<div class=\"elementor-element elementor-element-67a07bb elementor-widget elementor-widget-text-editor\" data-id=\"67a07bb\" data-element_type=\"widget\" data-widget_type=\"text-editor.default\">\n\t\t\t\t\t\t\t\t\t<p>For over two decades, the Neokodas team has been developing and testing software for mission-critical systems\u2014where reliability is not optional, but essential.<\/p>\n<p>We work on national-scale initiatives such as the Tax Accounting Information System, as well as high-risk solutions like the Customs Risk Assessment and Control System.<\/p>\n<p>Our expertise combines industry experience, deep technical knowledge, and domain-specific insight \u2014 enabling us to build systems that meet the highest standards of quality and security.<\/p>\t\t\t\t\t\t\t\t<\/div>\n\t\t\t\t<\/div>\n\t\t<div class=\"elementor-element elementor-element-41f2f106 e-con-full e-flex e-con e-child\" data-id=\"41f2f106\" data-element_type=\"container\">\n\t\t\t\t<div class=\"elementor-element elementor-element-7a392bf elementor-widget elementor-widget-n-accordion\" data-id=\"7a392bf\" data-element_type=\"widget\" data-settings=\"{&quot;default_state&quot;:&quot;expanded&quot;,&quot;max_items_expended&quot;:&quot;one&quot;,&quot;n_accordion_animation_duration&quot;:{&quot;unit&quot;:&quot;ms&quot;,&quot;size&quot;:400,&quot;sizes&quot;:[]}}\" data-widget_type=\"nested-accordion.default\">\n\t\t\t\t\t\t\t<div class=\"e-n-accordion\" aria-label=\"Accordion. Open links with Enter or Space, close with Escape, and navigate with Arrow Keys\">\n\t\t\t\t\t\t<details id=\"e-n-accordion-item-1280\" class=\"e-n-accordion-item\" open>\n\t\t\t\t<summary class=\"e-n-accordion-item-title\" data-accordion-index=\"1\" tabindex=\"0\" aria-expanded=\"true\" aria-controls=\"e-n-accordion-item-1280\" >\n\t\t\t\t\t<span class='e-n-accordion-item-title-header'><div class=\"e-n-accordion-item-title-text\"> Digital transformation <\/div><\/span>\n\t\t\t\t\t\t\t<span class='e-n-accordion-item-title-icon'>\n\t\t\t<span class='e-opened' ><svg xmlns=\"http:\/\/www.w3.org\/2000\/svg\" width=\"33\" height=\"32\" viewbox=\"0 0 33 32\" fill=\"none\"><path d=\"M6.5 21L16.5 11L26.5 21\" stroke=\"#1BDCD4\" stroke-width=\"3\" stroke-linecap=\"square\" stroke-linejoin=\"round\"><\/path><\/svg><\/span>\n\t\t\t<span class='e-closed'><svg xmlns=\"http:\/\/www.w3.org\/2000\/svg\" width=\"32\" height=\"32\" viewbox=\"0 0 32 32\" fill=\"none\"><path d=\"M11 6L21 16L11 26\" stroke=\"white\" stroke-width=\"3\" stroke-linecap=\"square\" stroke-linejoin=\"round\"><\/path><\/svg><\/span>\n\t\t<\/span>\n\n\t\t\t\t\t\t<\/summary>\n\t\t\t\t<div role=\"region\" aria-labelledby=\"e-n-accordion-item-1280\" class=\"elementor-element elementor-element-222ace1 e-con-full e-flex e-con e-child\" data-id=\"222ace1\" data-element_type=\"container\">\n\t\t\t\t<div class=\"elementor-element elementor-element-e439e19 elementor-widget elementor-widget-text-editor\" data-id=\"e439e19\" data-element_type=\"widget\" data-widget_type=\"text-editor.default\">\n\t\t\t\t\t\t\t\t\t<p>Digital transformation is a strategic shift that empowers organizations to operate faster, smarter, and more efficiently. It enables us to develop advanced, forward-looking products. Time and quality are the cornerstones of our work.<\/p><p>Neokode competitive advantages include the use of new systems and software to\ne\ufb00ectively manage business processes. We use four main parameters to track\nprogress and ultimate success of software development projects:<\/p><ul><li><p><b>Quality<\/b> \u2013 provide high quality project deliverables.<\/p><\/li><li><p><b>Scope<\/b> \u2013 meet or exceed all project requirements and objectives.<\/p><\/li><li><p><b>Time<\/b> \u2013 deliver all products within project deadlines.<\/p><\/li><li><p><b>Cost<\/b> \u2013 finish all projects within budget.<\/p><\/li><\/ul><p class=\"translation-block\">Our proprietary <b>JHighway<\/b> methodology, combined with an experienced testing team, enables us to deliver software that\u2019s 20\u201340% higher in quality and up to twice as fast as typical market standards.<\/p><p>We collaborate with both startups and large organizations, helping transform ideas into modern, high-impact solutions. Every Neokodas project stands out for its speed, precision, and quality.<\/p><p><b>IS Architects Certifications<\/b><\/p><p>The team has the following certifications in IS architecture development:<\/p><ul><li><p><b>Oracle Certified Master, Java EE 6 Enterprise Architect<\/b><\/p><\/li><li><p><b>MCSD, Microsoft Certified Solution Developer<\/b><\/p><\/li><\/ul><p><b>Programuotoj\u0173 sertifikatai<\/b><\/p><p>Our developers are experts in <b>Java<\/b> and <b>.Net<\/b> technologies and <b>Oracle DBMS.<\/b>We have\ndevelopers on staff that are certified in the following areas:<\/p><ul><li><p>Oracle Certified Associate, Java SE Programmer<\/p><\/li><li><p>Oracle Certified Professional, Java SE Programmer<\/p><\/li><li><p>Oracle Certified Expert, JAVA EE Web Services Developer<\/p><\/li><li><p>MCAD, Microsoft Certified Application Developer<\/p><\/li><li><p>Microsoft Specialist: Programming in HTML5 with JavaScript and CSS3<\/p><\/li><li><p>Microsoft Certified Professional, etc.<\/p><\/li><\/ul>\t\t\t\t\t\t\t\t<\/div>\n\t\t\t\t<\/div>\n\t\t\t\t\t<\/details>\n\t\t\t\t\t\t<details id=\"e-n-accordion-item-1281\" class=\"e-n-accordion-item\" >\n\t\t\t\t<summary class=\"e-n-accordion-item-title\" data-accordion-index=\"2\" tabindex=\"-1\" aria-expanded=\"false\" aria-controls=\"e-n-accordion-item-1281\" >\n\t\t\t\t\t<span class='e-n-accordion-item-title-header'><div class=\"e-n-accordion-item-title-text\"> Software Robotics (AI and Robotics) <\/div><\/span>\n\t\t\t\t\t\t\t<span class='e-n-accordion-item-title-icon'>\n\t\t\t<span class='e-opened' ><svg xmlns=\"http:\/\/www.w3.org\/2000\/svg\" width=\"33\" height=\"32\" viewbox=\"0 0 33 32\" fill=\"none\"><path d=\"M6.5 21L16.5 11L26.5 21\" stroke=\"#1BDCD4\" stroke-width=\"3\" stroke-linecap=\"square\" stroke-linejoin=\"round\"><\/path><\/svg><\/span>\n\t\t\t<span class='e-closed'><svg xmlns=\"http:\/\/www.w3.org\/2000\/svg\" width=\"32\" height=\"32\" viewbox=\"0 0 32 32\" fill=\"none\"><path d=\"M11 6L21 16L11 26\" stroke=\"white\" stroke-width=\"3\" stroke-linecap=\"square\" stroke-linejoin=\"round\"><\/path><\/svg><\/span>\n\t\t<\/span>\n\n\t\t\t\t\t\t<\/summary>\n\t\t\t\t<div role=\"region\" aria-labelledby=\"e-n-accordion-item-1281\" class=\"elementor-element elementor-element-a35aadf e-con-full e-flex e-con e-child\" data-id=\"a35aadf\" data-element_type=\"container\">\n\t\t\t\t<div class=\"elementor-element elementor-element-0c0cfc9 elementor-widget elementor-widget-text-editor\" data-id=\"0c0cfc9\" data-element_type=\"widget\" data-widget_type=\"text-editor.default\">\n\t\t\t\t\t\t\t\t\t<b id=\"AI\">We automate various processes and adapt new AI algorithms.\n<\/b>\nOrganizations are focused on serving customers and growing productivity while\nreducing costs. <b>Robotic Process Automation (RPA)<\/b> \u2013 sprendimai, kurie automatizuoja pasikartojan\u010dias u\u017eduotis tiek senose, tiek naujose sistemose. Tai leid\u017eia darbuotojams koncentruotis \u012f k\u016brybi\u0161kas ir sud\u0117tingas u\u017eduotis.\n\nRPA sprendimai suma\u017eina s\u0105naudas 30\u201350 % ir padidina produktyvum\u0105. Robotai dirba be klaid\u0173, 24\/7 re\u017eimu, o j\u0173 paj\u0117gumus galima greitai pritaikyti prie paklausos svyravim\u0173.\n\nRPA technologijos vystosi spar\u010diai ir skirstomos \u012f tris kategorijas:\n<ul>\n \t<li><b>Rule-based automation<\/b> \u2013 robots that follow a set of pre-defined rules to perform tasks.<\/li>\n \t<li><b>Enhanced\/intelligent process automation<\/b> \u2013 robots that can understand unstructured data and\/or human communication (e.g., voice- or e-mail) and draw conclusions based\non data cross-checking.<\/li>\n \t<li><b>Cognitive platforms<\/b> \u2013 robots that learn from experience in the same way humans do to perform complex tasks without human intervention.<\/li>\n<\/ul>\nWe are developing those solutions based on rules, big data, artificial intelligence and\nblockchain technologies.<br><br>\nLabor costs continue to rise.<br><br>\nOver time, increased productivity, the lengthening in the lifespan of solutions and the\ndrop in equipment prices all favor the move towards robotization, while labor costs\ncontinue to rise.<br><br>\nThe mass arrival of the robots is no longer a question. The real question is how soon\nand how better to be prepared for it.\t\t\t\t\t\t\t\t<\/div>\n\t\t\t\t<\/div>\n\t\t\t\t\t<\/details>\n\t\t\t\t\t\t<details id=\"e-n-accordion-item-1282\" class=\"e-n-accordion-item\" >\n\t\t\t\t<summary class=\"e-n-accordion-item-title\" data-accordion-index=\"3\" tabindex=\"-1\" aria-expanded=\"false\" aria-controls=\"e-n-accordion-item-1282\" >\n\t\t\t\t\t<span class='e-n-accordion-item-title-header'><div class=\"e-n-accordion-item-title-text\"> Pro Rules <\/div><\/span>\n\t\t\t\t\t\t\t<span class='e-n-accordion-item-title-icon'>\n\t\t\t<span class='e-opened' ><svg xmlns=\"http:\/\/www.w3.org\/2000\/svg\" width=\"33\" height=\"32\" viewbox=\"0 0 33 32\" fill=\"none\"><path d=\"M6.5 21L16.5 11L26.5 21\" stroke=\"#1BDCD4\" stroke-width=\"3\" stroke-linecap=\"square\" stroke-linejoin=\"round\"><\/path><\/svg><\/span>\n\t\t\t<span class='e-closed'><svg xmlns=\"http:\/\/www.w3.org\/2000\/svg\" width=\"32\" height=\"32\" viewbox=\"0 0 32 32\" fill=\"none\"><path d=\"M11 6L21 16L11 26\" stroke=\"white\" stroke-width=\"3\" stroke-linecap=\"square\" stroke-linejoin=\"round\"><\/path><\/svg><\/span>\n\t\t<\/span>\n\n\t\t\t\t\t\t<\/summary>\n\t\t\t\t<div role=\"region\" aria-labelledby=\"e-n-accordion-item-1282\" class=\"elementor-element elementor-element-d21996a e-con-full e-flex e-con e-child\" data-id=\"d21996a\" data-element_type=\"container\">\n\t\t\t\t<div class=\"elementor-element elementor-element-d3998ed elementor-widget elementor-widget-text-editor\" data-id=\"d3998ed\" data-element_type=\"widget\" data-widget_type=\"text-editor.default\">\n\t\t\t\t\t\t\t\t\t<p>Over time, increased productivity, the lengthening in the lifespan of solutions and the\ndrop in equipment prices all favor the move towards robotization, while labor costs\ncontinue to rise.<br><br>\nThe mass arrival of the robots is no longer a question. The real question is how soon\nand how better to be prepared for it. <br><br>\n\nNeokode developed a rule-based analysis tool, termed <b>ProRULES,<\/b>that is very useful\nfor robotizing manual processes in many industries. We successfully adapted\nProRULES for telecoms and government institutions. According to the Director General\nof the Social Fund of Lithuania, the payback period of ProRULES was one year.<\/p><p>Neokode is also testing a Hadoop version of ProRULES for rules-based automation of\nunstructured data (i.e., big data). Our R&amp;D team is planning to develop an artificial\nintelligence (AI) version of ProRULES for AI-based automation.<\/p>\t\t\t\t\t\t\t\t<\/div>\n\t\t\t\t<\/div>\n\t\t\t\t\t<\/details>\n\t\t\t\t\t<\/div>\n\t\t\t\t\t\t<\/div>\n\t\t\t\t<\/div>\n\t\t\t\t\t<\/div>\n\t\t\t\t<\/div>\n\t\t\t\t<\/div>\n\t\t<div class=\"elementor-element elementor-element-47b4eac2 e-con-full e-flex e-con e-parent\" data-id=\"47b4eac2\" data-element_type=\"container\" data-settings=\"{&quot;background_background&quot;:&quot;classic&quot;}\">\n\t\t\t\t<div class=\"elementor-element elementor-element-335384c9 elementor-widget elementor-widget-heading\" data-id=\"335384c9\" data-element_type=\"widget\" data-widget_type=\"heading.default\">\n\t\t\t\t\t<h2 class=\"elementor-heading-title elementor-size-default\">Contact us<\/h2>\t\t\t\t<\/div>\n\t\t\t\t<div class=\"elementor-element elementor-element-3cf4834 elementor-button-align-center elementor-widget__width-initial elementor-widget elementor-widget-form\" data-id=\"3cf4834\" data-element_type=\"widget\" data-settings=\"{&quot;step_next_label&quot;:&quot;Next&quot;,&quot;step_previous_label&quot;:&quot;Previous&quot;,&quot;button_width&quot;:&quot;100&quot;,&quot;step_type&quot;:&quot;number_text&quot;,&quot;step_icon_shape&quot;:&quot;circle&quot;}\" data-widget_type=\"form.default\">\n\t\t\t\t\t\t\t<form class=\"elementor-form\" method=\"post\" name=\"New Form\" aria-label=\"New Form\" action=\"\">\n\t\t\t<input type=\"hidden\" name=\"post_id\" value=\"16\"\/>\n\t\t\t<input type=\"hidden\" name=\"form_id\" value=\"3cf4834\"\/>\n\t\t\t<input type=\"hidden\" name=\"referer_title\" value=\"Paslaugos\" \/>\n\n\t\t\t\t\t\t\t<input type=\"hidden\" name=\"queried_id\" value=\"16\"\/>\n\t\t\t\n\t\t\t<div class=\"elementor-form-fields-wrapper elementor-labels-\">\n\t\t\t\t\t\t\t\t<div class=\"elementor-field-type-text elementor-field-group elementor-column elementor-field-group-name elementor-col-50\">\n\t\t\t\t\t\t\t\t\t\t\t\t<label for=\"form-field-name\" class=\"elementor-field-label elementor-screen-only\">\n\t\t\t\t\t\t\t\tName\t\t\t\t\t\t\t<\/label>\n\t\t\t\t\t\t\t\t\t\t\t\t\t\t<input size=\"1\" type=\"text\" name=\"form_fields[name]\" id=\"form-field-name\" class=\"elementor-field elementor-size-sm  elementor-field-textual\" placeholder=\"Name\">\n\t\t\t\t\t\t\t\t\t\t\t<\/div>\n\t\t\t\t\t\t\t\t<div class=\"elementor-field-type-text elementor-field-group elementor-column elementor-field-group-field_a4f2603 elementor-col-50\">\n\t\t\t\t\t\t\t\t\t\t\t\t<label for=\"form-field-field_a4f2603\" class=\"elementor-field-label elementor-screen-only\">\n\t\t\t\t\t\t\t\tSurname\t\t\t\t\t\t\t<\/label>\n\t\t\t\t\t\t\t\t\t\t\t\t\t\t<input size=\"1\" type=\"text\" name=\"form_fields[field_a4f2603]\" id=\"form-field-field_a4f2603\" class=\"elementor-field elementor-size-sm  elementor-field-textual\" placeholder=\"Surname\">\n\t\t\t\t\t\t\t\t\t\t\t<\/div>\n\t\t\t\t\t\t\t\t<div class=\"elementor-field-type-email elementor-field-group elementor-column elementor-field-group-email elementor-col-100 elementor-field-required\">\n\t\t\t\t\t\t\t\t\t\t\t\t<label for=\"form-field-email\" class=\"elementor-field-label elementor-screen-only\">\n\t\t\t\t\t\t\t\tEmail\t\t\t\t\t\t\t<\/label>\n\t\t\t\t\t\t\t\t\t\t\t\t\t\t<input size=\"1\" type=\"email\" name=\"form_fields[email]\" id=\"form-field-email\" class=\"elementor-field elementor-size-sm  elementor-field-textual\" placeholder=\"Email\" required=\"required\">\n\t\t\t\t\t\t\t\t\t\t\t<\/div>\n\t\t\t\t\t\t\t\t<div class=\"elementor-field-type-textarea elementor-field-group elementor-column elementor-field-group-message elementor-col-100\">\n\t\t\t\t\t\t\t\t\t\t\t\t<label for=\"form-field-message\" class=\"elementor-field-label elementor-screen-only\">\n\t\t\t\t\t\t\t\tMessage\t\t\t\t\t\t\t<\/label>\n\t\t\t\t\t\t<textarea class=\"elementor-field-textual elementor-field  elementor-size-sm\" name=\"form_fields[message]\" id=\"form-field-message\" rows=\"4\" placeholder=\"Message\"><\/textarea>\t\t\t\t<\/div>\n\t\t\t\t\t\t\t\t<div class=\"elementor-field-group elementor-column elementor-field-type-submit elementor-col-100 e-form__buttons\">\n\t\t\t\t\t<button class=\"elementor-button elementor-size-sm\" type=\"submit\">\n\t\t\t\t\t\t<span class=\"elementor-button-content-wrapper\">\n\t\t\t\t\t\t\t\t\t\t\t\t\t\t\t<span class=\"elementor-button-icon\">\n\t\t\t\t\t\t\t\t\t<svg xmlns=\"http:\/\/www.w3.org\/2000\/svg\" width=\"24\" height=\"24\" viewbox=\"0 0 24 24\" fill=\"none\"><path d=\"M12.75 15L15.75 12M15.75 12L12.75 9M15.75 12H8.25M21 12C21 13.1819 20.7672 14.3522 20.3149 15.4442C19.8626 16.5361 19.1997 17.5282 18.364 18.364C17.5282 19.1997 16.5361 19.8626 15.4442 20.3149C14.3522 20.7672 13.1819 21 12 21C10.8181 21 9.64778 20.7672 8.55585 20.3149C7.46392 19.8626 6.47177 19.1997 5.63604 18.364C4.80031 17.5282 4.13738 16.5361 3.68508 15.4442C3.23279 14.3522 3 13.1819 3 12C3 9.61305 3.94821 7.32387 5.63604 5.63604C7.32387 3.94821 9.61305 3 12 3C14.3869 3 16.6761 3.94821 18.364 5.63604C20.0518 7.32387 21 9.61305 21 12Z\" stroke=\"white\" stroke-width=\"1.4\" stroke-linecap=\"round\" stroke-linejoin=\"round\"><\/path><\/svg>\t\t\t\t\t\t\t\t\t\t\t\t\t\t\t\t\t<\/span>\n\t\t\t\t\t\t\t\t\t\t\t\t\t\t\t\t\t\t\t\t\t\t<span class=\"elementor-button-text\">Send request<\/span>\n\t\t\t\t\t\t\t\t\t\t\t\t\t<\/span>\n\t\t\t\t\t<\/button>\n\t\t\t\t<\/div>\n\t\t\t<\/div>\n\t\t<input type=\"hidden\" name=\"trp-form-language\" value=\"en\"\/><\/form>\n\t\t\t\t\t\t<\/div>\n\t\t\t\t<\/div>\n\t\t\t\t<\/div>","protected":false},"excerpt":{"rendered":"<p>Susisiekti Mes pakeliame j\u016bs\u0173 versl\u0105 \u012f kit\u0105 lyg\u012f \u201eNeokodas\u201c komanda \u2014 daugiau nei du de\u0161imtme\u010dius kuriame ir testuojame programin\u0119 \u012frang\u0105, skirt\u0105 kritin\u0117ms sistemoms, kuriose patikimumas yra esminis. Dirbame su nacionaliniais projektais, tokiais kaip Mokes\u010di\u0173 apskaitos informacin\u0117 sistema, ir auk\u0161tos rizikos sprendimais, pavyzd\u017eiui, Muitin\u0117s rizikos vertinimo ir kontrol\u0117s sistema. M\u016bs\u0173 kompetencijos apima pramon\u0117s patirt\u012f, gilias technines [&hellip;]<\/p>","protected":false},"author":1,"featured_media":0,"parent":0,"menu_order":0,"comment_status":"closed","ping_status":"closed","template":"","meta":{"footnotes":""},"class_list":["post-16","page","type-page","status-publish","hentry"],"meta_box":{"partneriai":[],"klientai":[]},"_links":{"self":[{"href":"https:\/\/neokodas.lt\/en\/wp-json\/wp\/v2\/pages\/16","targetHints":{"allow":["GET"]}}],"collection":[{"href":"https:\/\/neokodas.lt\/en\/wp-json\/wp\/v2\/pages"}],"about":[{"href":"https:\/\/neokodas.lt\/en\/wp-json\/wp\/v2\/types\/page"}],"author":[{"embeddable":true,"href":"https:\/\/neokodas.lt\/en\/wp-json\/wp\/v2\/users\/1"}],"replies":[{"embeddable":true,"href":"https:\/\/neokodas.lt\/en\/wp-json\/wp\/v2\/comments?post=16"}],"version-history":[{"count":73,"href":"https:\/\/neokodas.lt\/en\/wp-json\/wp\/v2\/pages\/16\/revisions"}],"predecessor-version":[{"id":993,"href":"https:\/\/neokodas.lt\/en\/wp-json\/wp\/v2\/pages\/16\/revisions\/993"}],"wp:attachment":[{"href":"https:\/\/neokodas.lt\/en\/wp-json\/wp\/v2\/media?parent=16"}],"curies":[{"name":"wp","href":"https:\/\/api.w.org\/{rel}","templated":true}]}}