{"id":20,"date":"2025-07-31T13:19:21","date_gmt":"2025-07-31T13:19:21","guid":{"rendered":"https:\/\/neokodas.lt\/?page_id=20"},"modified":"2025-12-22T17:45:13","modified_gmt":"2025-12-22T14:45:13","slug":"kontaktai","status":"publish","type":"page","link":"https:\/\/neokodas.lt\/en\/kontaktai\/","title":{"rendered":"Contacts"},"content":{"rendered":"<div data-elementor-type=\"wp-page\" data-elementor-id=\"20\" class=\"elementor elementor-20\" data-elementor-post-type=\"page\">\n\t\t\t\t<div class=\"elementor-element elementor-element-5145ec4b e-con-full e-flex e-con e-parent\" data-id=\"5145ec4b\" data-element_type=\"container\">\n\t\t<div class=\"elementor-element elementor-element-3eecbc7 e-flex e-con-boxed e-con e-child\" data-id=\"3eecbc7\" data-element_type=\"container\">\n\t\t\t\t\t<div class=\"e-con-inner\">\n\t\t<div class=\"elementor-element elementor-element-7ce71ecb e-con-full e-flex e-con e-child\" data-id=\"7ce71ecb\" data-element_type=\"container\">\n\t\t<div class=\"elementor-element elementor-element-b1294b9 e-con-full e-flex e-con e-child\" data-id=\"b1294b9\" data-element_type=\"container\" data-settings=\"{&quot;background_background&quot;:&quot;classic&quot;}\">\n\t\t<div class=\"elementor-element elementor-element-0dd389a e-con-full e-flex e-con e-child\" data-id=\"0dd389a\" data-element_type=\"container\" data-settings=\"{&quot;background_background&quot;:&quot;classic&quot;}\">\n\t\t\t\t<div class=\"elementor-element elementor-element-b8def92 elementor-widget elementor-widget-heading\" data-id=\"b8def92\" data-element_type=\"widget\" data-widget_type=\"heading.default\">\n\t\t\t\t\t<h2 class=\"elementor-heading-title elementor-size-default\">Contact information<\/h2>\t\t\t\t<\/div>\n\t\t\t\t<div class=\"elementor-element elementor-element-7f2c872 elementor-widget elementor-widget-text-editor\" data-id=\"7f2c872\" data-element_type=\"widget\" data-widget_type=\"text-editor.default\">\n\t\t\t\t\t\t\t\t\t<p>Have any questions? Contact us<\/p>\t\t\t\t\t\t\t\t<\/div>\n\t\t\t\t<div class=\"elementor-element elementor-element-a591e11 elementor-icon-list--layout-traditional elementor-list-item-link-full_width elementor-widget elementor-widget-icon-list\" data-id=\"a591e11\" data-element_type=\"widget\" data-widget_type=\"icon-list.default\">\n\t\t\t\t\t\t\t<ul class=\"elementor-icon-list-items\">\n\t\t\t\t\t\t\t<li class=\"elementor-icon-list-item\">\n\t\t\t\t\t\t\t\t\t\t\t<span class=\"elementor-icon-list-icon\">\n\t\t\t\t\t\t\t<svg xmlns=\"http:\/\/www.w3.org\/2000\/svg\" width=\"24\" height=\"25\" viewbox=\"0 0 24 25\" fill=\"none\"><path d=\"M20.0002 11.9588H22.0002C22.0002 6.82884 18.1272 2.95984 12.9902 2.95984V4.95984C17.0522 4.95984 20.0002 7.90284 20.0002 11.9588Z\" fill=\"white\"><\/path><path d=\"M13.0003 8.95983C15.1033 8.95983 16.0003 9.85683 16.0003 11.9598H18.0003C18.0003 8.73483 16.2253 6.95983 13.0003 6.95983V8.95983ZM16.4223 14.4028C16.2301 14.2282 15.9776 14.135 15.7181 14.1431C15.4585 14.1511 15.2123 14.2597 15.0313 14.4458L12.6383 16.9068C12.0623 16.7968 10.9043 16.4358 9.71228 15.2468C8.52028 14.0538 8.15928 12.8928 8.05228 12.3208L10.5113 9.92683C10.6977 9.74596 10.8064 9.49966 10.8144 9.24004C10.8225 8.98043 10.7292 8.72787 10.5543 8.53583L6.85928 4.47283C6.68432 4.28019 6.44116 4.16334 6.18143 4.14709C5.92171 4.13085 5.66588 4.21649 5.46828 4.38583L3.29828 6.24683C3.12539 6.42035 3.0222 6.65128 3.00828 6.89583C2.99328 7.14583 2.70728 13.0678 7.29928 17.6618C11.3053 21.6668 16.3233 21.9598 17.7053 21.9598C17.9073 21.9598 18.0313 21.9538 18.0643 21.9518C18.3088 21.9381 18.5396 21.8345 18.7123 21.6608L20.5723 19.4898C20.7417 19.2924 20.8276 19.0366 20.8115 18.7769C20.7954 18.5172 20.6788 18.2739 20.4863 18.0988L16.4223 14.4028Z\" fill=\"white\"><\/path><\/svg>\t\t\t\t\t\t<\/span>\n\t\t\t\t\t\t\t\t\t\t<span class=\"elementor-icon-list-text\">+370 659 83676<\/span>\n\t\t\t\t\t\t\t\t\t<\/li>\n\t\t\t\t\t\t\t\t<li class=\"elementor-icon-list-item\">\n\t\t\t\t\t\t\t\t\t\t\t<span class=\"elementor-icon-list-icon\">\n\t\t\t\t\t\t\t<svg xmlns=\"http:\/\/www.w3.org\/2000\/svg\" width=\"24\" height=\"25\" viewbox=\"0 0 24 25\" fill=\"none\"><path d=\"M22 4.91968H2V20.9197H22V4.91968ZM20 8.91968L12 13.9197L4 8.91968V6.91968L12 11.9197L20 6.91968V8.91968Z\" fill=\"white\"><\/path><\/svg>\t\t\t\t\t\t<\/span>\n\t\t\t\t\t\t\t\t\t\t<span class=\"elementor-icon-list-text\">info@neokodas.lt<\/span>\n\t\t\t\t\t\t\t\t\t<\/li>\n\t\t\t\t\t\t\t\t<li class=\"elementor-icon-list-item\">\n\t\t\t\t\t\t\t\t\t\t\t<a href=\"#maps-redirect\">\n\n\t\t\t\t\t\t\t\t\t\t\t\t<span class=\"elementor-icon-list-icon\">\n\t\t\t\t\t\t\t<svg xmlns=\"http:\/\/www.w3.org\/2000\/svg\" width=\"24\" height=\"25\" viewbox=\"0 0 24 25\" fill=\"none\"><path d=\"M12 2.41968C9.81276 2.42226 7.71584 3.29228 6.16923 4.8389C4.62261 6.38551 3.75259 8.48243 3.75001 10.6697C3.74739 12.4571 4.33124 14.196 5.41201 15.6197C5.41201 15.6197 5.63701 15.9159 5.67376 15.9587L12 23.4197L18.3293 15.9549C18.3623 15.9152 18.588 15.6197 18.588 15.6197L18.5888 15.6174C19.669 14.1944 20.2526 12.4563 20.25 10.6697C20.2474 8.48243 19.3774 6.38551 17.8308 4.8389C16.2842 3.29228 14.1873 2.42226 12 2.41968ZM12 13.6697C11.4067 13.6697 10.8266 13.4937 10.3333 13.1641C9.83995 12.8344 9.45543 12.3659 9.22837 11.8177C9.00131 11.2696 8.9419 10.6663 9.05765 10.0844C9.17341 9.50246 9.45913 8.96791 9.87869 8.54836C10.2982 8.1288 10.8328 7.84308 11.4147 7.72732C11.9967 7.61157 12.5999 7.67098 13.1481 7.89804C13.6962 8.1251 14.1648 8.50962 14.4944 9.00297C14.8241 9.49632 15 10.0763 15 10.6697C14.999 11.465 14.6826 12.2275 14.1202 12.7899C13.5578 13.3523 12.7954 13.6687 12 13.6697Z\" fill=\"white\"><\/path><\/svg>\t\t\t\t\t\t<\/span>\n\t\t\t\t\t\t\t\t\t\t<span class=\"elementor-icon-list-text\">Jonavos g. 260, LT-44110 Kaunas<\/span>\n\t\t\t\t\t\t\t\t\t\t\t<\/a>\n\t\t\t\t\t\t\t\t\t<\/li>\n\t\t\t\t\t\t<\/ul>\n\t\t\t\t\t\t<\/div>\n\t\t\t\t<\/div>\n\t\t<div class=\"elementor-element elementor-element-87c11f8 e-con-full e-flex e-con e-child\" data-id=\"87c11f8\" data-element_type=\"container\">\n\t\t\t\t<div class=\"elementor-element elementor-element-769de2c elementor-button-align-stretch elementor-widget elementor-widget-form\" data-id=\"769de2c\" data-element_type=\"widget\" data-settings=\"{&quot;button_width&quot;:&quot;40&quot;,&quot;step_next_label&quot;:&quot;Next&quot;,&quot;step_previous_label&quot;:&quot;Previous&quot;,&quot;step_type&quot;:&quot;number_text&quot;,&quot;step_icon_shape&quot;:&quot;circle&quot;}\" data-widget_type=\"form.default\">\n\t\t\t\t\t\t\t<form class=\"elementor-form\" method=\"post\" name=\"New Form\" aria-label=\"New Form\" action=\"\">\n\t\t\t<input type=\"hidden\" name=\"post_id\" value=\"20\"\/>\n\t\t\t<input type=\"hidden\" name=\"form_id\" value=\"769de2c\"\/>\n\t\t\t<input type=\"hidden\" name=\"referer_title\" value=\"Kontaktai\" \/>\n\n\t\t\t\t\t\t\t<input type=\"hidden\" name=\"queried_id\" value=\"20\"\/>\n\t\t\t\n\t\t\t<div class=\"elementor-form-fields-wrapper elementor-labels-above\">\n\t\t\t\t\t\t\t\t<div class=\"elementor-field-type-text elementor-field-group elementor-column elementor-field-group-vardas elementor-col-50 elementor-field-required\">\n\t\t\t\t\t\t\t\t\t\t\t\t<label for=\"form-field-vardas\" class=\"elementor-field-label\">\n\t\t\t\t\t\t\t\tName\t\t\t\t\t\t\t<\/label>\n\t\t\t\t\t\t\t\t\t\t\t\t\t\t<input size=\"1\" type=\"text\" name=\"form_fields[vardas]\" id=\"form-field-vardas\" class=\"elementor-field elementor-size-sm  elementor-field-textual\" required=\"required\">\n\t\t\t\t\t\t\t\t\t\t\t<\/div>\n\t\t\t\t\t\t\t\t<div class=\"elementor-field-type-text elementor-field-group elementor-column elementor-field-group-pavarde elementor-col-50 elementor-field-required\">\n\t\t\t\t\t\t\t\t\t\t\t\t<label for=\"form-field-pavarde\" class=\"elementor-field-label\">\n\t\t\t\t\t\t\t\tSurname\t\t\t\t\t\t\t<\/label>\n\t\t\t\t\t\t\t\t\t\t\t\t\t\t<input size=\"1\" type=\"text\" name=\"form_fields[pavarde]\" id=\"form-field-pavarde\" class=\"elementor-field elementor-size-sm  elementor-field-textual\" required=\"required\">\n\t\t\t\t\t\t\t\t\t\t\t<\/div>\n\t\t\t\t\t\t\t\t<div class=\"elementor-field-type-email elementor-field-group elementor-column elementor-field-group-email elementor-col-50 elementor-field-required\">\n\t\t\t\t\t\t\t\t\t\t\t\t<label for=\"form-field-email\" class=\"elementor-field-label\">\n\t\t\t\t\t\t\t\tEmail\t\t\t\t\t\t\t<\/label>\n\t\t\t\t\t\t\t\t\t\t\t\t\t\t<input size=\"1\" type=\"email\" name=\"form_fields[email]\" id=\"form-field-email\" class=\"elementor-field elementor-size-sm  elementor-field-textual\" required=\"required\">\n\t\t\t\t\t\t\t\t\t\t\t<\/div>\n\t\t\t\t\t\t\t\t<div class=\"elementor-field-type-tel elementor-field-group elementor-column elementor-field-group-numeris elementor-col-50 elementor-field-required\">\n\t\t\t\t\t\t\t\t\t\t\t\t<label for=\"form-field-numeris\" class=\"elementor-field-label\">\n\t\t\t\t\t\t\t\tPhone number\t\t\t\t\t\t\t<\/label>\n\t\t\t\t\t\t\t\t<input size=\"1\" type=\"tel\" name=\"form_fields[numeris]\" id=\"form-field-numeris\" class=\"elementor-field elementor-size-sm  elementor-field-textual\" required=\"required\" pattern=\"[0-9()#&amp;+*-=.]+\" title=\"Only numbers and phone characters (#, -, *, etc) are accepted.\" data-no-translation-title=\"\">\n\n\t\t\t\t\t\t<\/div>\n\t\t\t\t\t\t\t\t<div class=\"elementor-field-type-radio elementor-field-group elementor-column elementor-field-group-tema elementor-col-100 elementor-field-required\">\n\t\t\t\t\t\t\t\t\t\t\t\t<label for=\"form-field-tema\" class=\"elementor-field-label\">\n\t\t\t\t\t\t\t\tChoose a topic\t\t\t\t\t\t\t<\/label>\n\t\t\t\t\t\t<div class=\"elementor-field-subgroup  elementor-subgroup-inline\"><span class=\"elementor-field-option\"><input type=\"radio\" value=\"1General Inquiry\" id=\"form-field-tema-0\" name=\"form_fields[tema]\" required=\"required\"> <label for=\"form-field-tema-0\">1General Inquiry<\/label><\/span><span class=\"elementor-field-option\"><input type=\"radio\" value=\"2General Inquiry\" id=\"form-field-tema-1\" name=\"form_fields[tema]\" required=\"required\"> <label for=\"form-field-tema-1\">2General Inquiry<\/label><\/span><span class=\"elementor-field-option\"><input type=\"radio\" value=\"3General Inquiry\" id=\"form-field-tema-2\" name=\"form_fields[tema]\" required=\"required\"> <label for=\"form-field-tema-2\">3General Inquiry<\/label><\/span><span class=\"elementor-field-option\"><input type=\"radio\" value=\"4General Inquiry\" id=\"form-field-tema-3\" name=\"form_fields[tema]\" required=\"required\"> <label for=\"form-field-tema-3\">4General Inquiry<\/label><\/span><\/div>\t\t\t\t<\/div>\n\t\t\t\t\t\t\t\t<div class=\"elementor-field-type-textarea elementor-field-group elementor-column elementor-field-group-zinute elementor-col-100 elementor-field-required\">\n\t\t\t\t\t\t\t\t\t\t\t\t<label for=\"form-field-zinute\" class=\"elementor-field-label\">\n\t\t\t\t\t\t\t\tMessage\t\t\t\t\t\t\t<\/label>\n\t\t\t\t\t\t<textarea class=\"elementor-field-textual elementor-field  elementor-size-sm\" name=\"form_fields[zinute]\" id=\"form-field-zinute\" rows=\"4\" placeholder=\"Place for your text...\" required=\"required\"><\/textarea>\t\t\t\t<\/div>\n\t\t\t\t\t\t\t\t<div class=\"elementor-field-group elementor-column elementor-field-type-submit elementor-col-40 e-form__buttons\">\n\t\t\t\t\t<button class=\"elementor-button elementor-size-md\" type=\"submit\">\n\t\t\t\t\t\t<span class=\"elementor-button-content-wrapper\">\n\t\t\t\t\t\t\t\t\t\t\t\t\t\t\t<span class=\"elementor-button-icon\">\n\t\t\t\t\t\t\t\t\t<svg xmlns=\"http:\/\/www.w3.org\/2000\/svg\" width=\"24\" height=\"25\" viewbox=\"0 0 24 25\" fill=\"none\"><path d=\"M12.75 15.7593L15.75 12.7593M15.75 12.7593L12.75 9.75928M15.75 12.7593H8.25M21 12.7593C21 13.9412 20.7672 15.1115 20.3149 16.2034C19.8626 17.2954 19.1997 18.2875 18.364 19.1232C17.5282 19.959 16.5361 20.6219 15.4442 21.0742C14.3522 21.5265 13.1819 21.7593 12 21.7593C10.8181 21.7593 9.64778 21.5265 8.55585 21.0742C7.46392 20.6219 6.47177 19.959 5.63604 19.1232C4.80031 18.2875 4.13738 17.2954 3.68508 16.2034C3.23279 15.1115 3 13.9412 3 12.7593C3 10.3723 3.94821 8.08314 5.63604 6.39532C7.32387 4.70749 9.61305 3.75928 12 3.75928C14.3869 3.75928 16.6761 4.70749 18.364 6.39532C20.0518 8.08314 21 10.3723 21 12.7593Z\" stroke=\"#096763\" stroke-width=\"1.4\" stroke-linecap=\"round\" stroke-linejoin=\"round\"><\/path><\/svg>\t\t\t\t\t\t\t\t\t\t\t\t\t\t\t\t\t<\/span>\n\t\t\t\t\t\t\t\t\t\t\t\t\t\t\t\t\t\t\t\t\t\t<span class=\"elementor-button-text\">Send message<\/span>\n\t\t\t\t\t\t\t\t\t\t\t\t\t<\/span>\n\t\t\t\t\t<\/button>\n\t\t\t\t<\/div>\n\t\t\t<\/div>\n\t\t<input type=\"hidden\" name=\"trp-form-language\" value=\"en\"\/><\/form>\n\t\t\t\t\t\t<\/div>\n\t\t\t\t<\/div>\n\t\t\t\t<\/div>\n\t\t\t\t<\/div>\n\t\t\t\t\t<\/div>\n\t\t\t\t<\/div>\n\t\t\t\t<\/div>\n\t\t\t\t<\/div>","protected":false},"excerpt":{"rendered":"<p>Kontaktin\u0117 informacija Turite klausim\u0173? Para\u0161ykite mums! +370 659 83676 info@neokodas.lt Jonavos g. 260, LT-44110 Kaunas<\/p>","protected":false},"author":1,"featured_media":0,"parent":0,"menu_order":0,"comment_status":"closed","ping_status":"closed","template":"","meta":{"footnotes":""},"class_list":["post-20","page","type-page","status-publish","hentry"],"meta_box":{"partneriai":[],"klientai":[]},"_links":{"self":[{"href":"https:\/\/neokodas.lt\/en\/wp-json\/wp\/v2\/pages\/20","targetHints":{"allow":["GET"]}}],"collection":[{"href":"https:\/\/neokodas.lt\/en\/wp-json\/wp\/v2\/pages"}],"about":[{"href":"https:\/\/neokodas.lt\/en\/wp-json\/wp\/v2\/types\/page"}],"author":[{"embeddable":true,"href":"https:\/\/neokodas.lt\/en\/wp-json\/wp\/v2\/users\/1"}],"replies":[{"embeddable":true,"href":"https:\/\/neokodas.lt\/en\/wp-json\/wp\/v2\/comments?post=20"}],"version-history":[{"count":58,"href":"https:\/\/neokodas.lt\/en\/wp-json\/wp\/v2\/pages\/20\/revisions"}],"predecessor-version":[{"id":1032,"href":"https:\/\/neokodas.lt\/en\/wp-json\/wp\/v2\/pages\/20\/revisions\/1032"}],"wp:attachment":[{"href":"https:\/\/neokodas.lt\/en\/wp-json\/wp\/v2\/media?parent=20"}],"curies":[{"name":"wp","href":"https:\/\/api.w.org\/{rel}","templated":true}]}}