{"id":371,"date":"2025-08-05T09:09:59","date_gmt":"2025-08-05T06:09:59","guid":{"rendered":"https:\/\/neokodas.lt\/?page_id=371"},"modified":"2025-11-19T17:09:42","modified_gmt":"2025-11-19T14:09:42","slug":"intrasoft","status":"publish","type":"page","link":"https:\/\/neokodas.lt\/en\/intrasoft\/","title":{"rendered":"Intrasoft"},"content":{"rendered":"<div data-elementor-type=\"wp-page\" data-elementor-id=\"371\" class=\"elementor elementor-371\" data-elementor-post-type=\"page\">\n\t\t\t\t<div class=\"elementor-element elementor-element-edd6d6 e-con-full e-flex e-con e-parent\" data-id=\"edd6d6\" data-element_type=\"container\">\n\t\t<div class=\"elementor-element elementor-element-735f0741 e-flex e-con-boxed e-con e-child\" data-id=\"735f0741\" data-element_type=\"container\">\n\t\t\t\t\t<div class=\"e-con-inner\">\n\t\t<div class=\"elementor-element elementor-element-5382acff e-con-full e-flex e-con e-child\" data-id=\"5382acff\" data-element_type=\"container\">\n\t\t<div class=\"elementor-element elementor-element-387c0b7c e-con-full e-flex e-con e-child\" data-id=\"387c0b7c\" data-element_type=\"container\">\n\t\t\t\t<div class=\"elementor-element elementor-element-1bf5a06e elementor-widget elementor-widget-heading\" data-id=\"1bf5a06e\" data-element_type=\"widget\" data-widget_type=\"heading.default\">\n\t\t\t\t\t<h2 class=\"elementor-heading-title elementor-size-default\"><p style=\"line-height: 115%;margin-bottom: 0.11in\">\n<b>Intrasoft Compliance Suite<\/b><\/p><\/h2>\t\t\t\t<\/div>\n\t\t\t\t<div class=\"elementor-element elementor-element-06c7e56 elementor-widget elementor-widget-text-editor\" data-id=\"06c7e56\" data-element_type=\"widget\" data-widget_type=\"text-editor.default\">\n\t\t\t\t\t\t\t\t\t<p>We are partner for <b>Solon Tax<\/b> , the state of the art solution by Netcompany for Tax Administrations.<br><br>Intrasoft Compliance Suite (also known as ESKORT) provides complete, integrated coverage of the risk management, compliance, and enforcement domains.<\/p>\t\t\t\t\t\t\t\t<\/div>\n\t\t\t\t<\/div>\n\t\t\t\t<\/div>\n\t\t<div class=\"elementor-element elementor-element-6f413002 e-con-full e-flex e-con e-child\" data-id=\"6f413002\" data-element_type=\"container\">\n\t\t<div class=\"elementor-element elementor-element-6f35f6ed e-con-full e-flex e-con e-child\" data-id=\"6f35f6ed\" data-element_type=\"container\">\n\t\t<div class=\"elementor-element elementor-element-63b1bbdc e-con-full e-flex e-con e-child\" data-id=\"63b1bbdc\" data-element_type=\"container\">\n\t\t\t\t<div class=\"elementor-element elementor-element-45875b4b elementor-widget elementor-widget-image\" data-id=\"45875b4b\" data-element_type=\"widget\" data-widget_type=\"image.default\">\n\t\t\t\t\t\t\t\t\t\t\t\t\t\t\t<img fetchpriority=\"high\" decoding=\"async\" width=\"586\" height=\"487\" src=\"https:\/\/neokodas.lt\/wp-content\/uploads\/2025\/08\/Group-40001.jpg\" class=\"attachment-1536x1536 size-1536x1536 wp-image-463\" alt=\"\" srcset=\"https:\/\/neokodas.lt\/wp-content\/uploads\/2025\/08\/Group-40001.jpg 586w, https:\/\/neokodas.lt\/wp-content\/uploads\/2025\/08\/Group-40001-300x249.jpg 300w\" sizes=\"(max-width: 586px) 100vw, 586px\" \/>\t\t\t\t\t\t\t\t\t\t\t\t\t\t\t<\/div>\n\t\t\t\t<\/div>\n\t\t<div class=\"elementor-element elementor-element-3dc67eb7 e-con-full e-flex e-con e-child\" data-id=\"3dc67eb7\" data-element_type=\"container\">\n\t\t\t\t<div class=\"elementor-element elementor-element-7687357f elementor-widget elementor-widget-heading\" data-id=\"7687357f\" data-element_type=\"widget\" data-widget_type=\"heading.default\">\n\t\t\t\t\t<h5 class=\"elementor-heading-title elementor-size-default\"><span style=\"font-size:16px\">\nThe Intrasoft Compliance Solution combines Intrasoft methodologies and expertise with\nthe Intrasoft Compliance Suite (also known as ESKORT) to provide complete,\nintegrated coverage of the risk management, compliance and enforcement domains.\nThis solution has been developed and enhanced in close collaboration with public\nsector authorities throughout the world.\n<br><br>\nThe ESKORT Compliance Cycle is a convenient model for depicting compliance work\nas a cycle of related activities that are linked by the flow of information and knowledge.<\/span><br><br>\nThe illustrated model reflects business processes associated with Taxation Audits and Customs Post-Clearance Audits. It depicts:<\/h5>\t\t\t\t<\/div>\n\t\t\t\t<div class=\"elementor-element elementor-element-289297e elementor-widget elementor-widget-text-editor\" data-id=\"289297e\" data-element_type=\"widget\" data-widget_type=\"text-editor.default\">\n\t\t\t\t\t\t\t\t\t<ul><li><p><b>The Pre-Audit Phase:<\/b> which includes all activities from the initial screening of\ntransactions (such as Taxpayer returns, customs declarations, accreditation\napplications, social benefit and health insurance claims etc.) and selection of potential\nhigh risk entities, through audit assignment, data collection, and audit package\npreparation, and development of the preliminary audit plan.<\/p><\/li><li><p><b>The Audit Phase:<\/b> which begins with the generation of the final audit plan and includes\nall audit activities through completion of the audit report for supervisory review and\napproval.<\/p><\/li><li><p><b>The Post-Audit Phase:<\/b> which includes activities such as audit review, final assessment,\nissuance of notification to the auditee and support of penalisation and possible litigation\nefforts.<\/p><\/li><\/ul><p>The Intrasoft Compliance Solution supports all three phases of the Compliance Cycle\nand provides comprehensive case management and tracking capability, to tie the effort\ntogether. This enables management to co-ordinate, and follow the progress of,\nindividual compliance activities and produce management information about the\ncompliance process as a whole.<\/p>\t\t\t\t\t\t\t\t<\/div>\n\t\t\t\t<\/div>\n\t\t\t\t<\/div>\n\t\t\t\t<\/div>\n\t\t<div class=\"elementor-element elementor-element-7503f010 e-con-full e-flex e-con e-child\" data-id=\"7503f010\" data-element_type=\"container\">\n\t\t\t\t<\/div>\n\t\t\t\t\t<\/div>\n\t\t\t\t<\/div>\n\t\t\t\t<\/div>\n\t\t<div class=\"elementor-element elementor-element-330dc0bd e-con-full e-flex e-con e-parent\" data-id=\"330dc0bd\" data-element_type=\"container\" data-settings=\"{&quot;background_background&quot;:&quot;classic&quot;}\">\n\t\t\t\t<div class=\"elementor-element elementor-element-25050973 elementor-widget elementor-widget-heading\" data-id=\"25050973\" data-element_type=\"widget\" data-widget_type=\"heading.default\">\n\t\t\t\t\t<h2 class=\"elementor-heading-title elementor-size-default\">Contact us<\/h2>\t\t\t\t<\/div>\n\t\t\t\t<div class=\"elementor-element elementor-element-4f2daef elementor-button-align-center elementor-widget__width-initial elementor-widget elementor-widget-form\" data-id=\"4f2daef\" data-element_type=\"widget\" data-settings=\"{&quot;step_next_label&quot;:&quot;Next&quot;,&quot;step_previous_label&quot;:&quot;Previous&quot;,&quot;button_width&quot;:&quot;100&quot;,&quot;step_type&quot;:&quot;number_text&quot;,&quot;step_icon_shape&quot;:&quot;circle&quot;}\" data-widget_type=\"form.default\">\n\t\t\t\t\t\t\t<form class=\"elementor-form\" method=\"post\" name=\"New Form\" aria-label=\"New Form\" action=\"\">\n\t\t\t<input type=\"hidden\" name=\"post_id\" value=\"371\"\/>\n\t\t\t<input type=\"hidden\" name=\"form_id\" value=\"4f2daef\"\/>\n\t\t\t<input type=\"hidden\" name=\"referer_title\" value=\"Intrasoft\" \/>\n\n\t\t\t\t\t\t\t<input type=\"hidden\" name=\"queried_id\" value=\"371\"\/>\n\t\t\t\n\t\t\t<div class=\"elementor-form-fields-wrapper elementor-labels-\">\n\t\t\t\t\t\t\t\t<div class=\"elementor-field-type-text elementor-field-group elementor-column elementor-field-group-name elementor-col-50\">\n\t\t\t\t\t\t\t\t\t\t\t\t<label for=\"form-field-name\" class=\"elementor-field-label elementor-screen-only\">\n\t\t\t\t\t\t\t\tName\t\t\t\t\t\t\t<\/label>\n\t\t\t\t\t\t\t\t\t\t\t\t\t\t<input size=\"1\" type=\"text\" name=\"form_fields[name]\" id=\"form-field-name\" class=\"elementor-field elementor-size-sm  elementor-field-textual\" placeholder=\"Name\">\n\t\t\t\t\t\t\t\t\t\t\t<\/div>\n\t\t\t\t\t\t\t\t<div class=\"elementor-field-type-text elementor-field-group elementor-column elementor-field-group-field_a4f2603 elementor-col-50\">\n\t\t\t\t\t\t\t\t\t\t\t\t<label for=\"form-field-field_a4f2603\" class=\"elementor-field-label elementor-screen-only\">\n\t\t\t\t\t\t\t\tSurname\t\t\t\t\t\t\t<\/label>\n\t\t\t\t\t\t\t\t\t\t\t\t\t\t<input size=\"1\" type=\"text\" name=\"form_fields[field_a4f2603]\" id=\"form-field-field_a4f2603\" class=\"elementor-field elementor-size-sm  elementor-field-textual\" placeholder=\"Surname\">\n\t\t\t\t\t\t\t\t\t\t\t<\/div>\n\t\t\t\t\t\t\t\t<div class=\"elementor-field-type-email elementor-field-group elementor-column elementor-field-group-email elementor-col-100 elementor-field-required\">\n\t\t\t\t\t\t\t\t\t\t\t\t<label for=\"form-field-email\" class=\"elementor-field-label elementor-screen-only\">\n\t\t\t\t\t\t\t\tEmail\t\t\t\t\t\t\t<\/label>\n\t\t\t\t\t\t\t\t\t\t\t\t\t\t<input size=\"1\" type=\"email\" name=\"form_fields[email]\" id=\"form-field-email\" class=\"elementor-field elementor-size-sm  elementor-field-textual\" placeholder=\"Email\" required=\"required\">\n\t\t\t\t\t\t\t\t\t\t\t<\/div>\n\t\t\t\t\t\t\t\t<div class=\"elementor-field-type-textarea elementor-field-group elementor-column elementor-field-group-message elementor-col-100\">\n\t\t\t\t\t\t\t\t\t\t\t\t<label for=\"form-field-message\" class=\"elementor-field-label elementor-screen-only\">\n\t\t\t\t\t\t\t\tMessage\t\t\t\t\t\t\t<\/label>\n\t\t\t\t\t\t<textarea class=\"elementor-field-textual elementor-field  elementor-size-sm\" name=\"form_fields[message]\" id=\"form-field-message\" rows=\"4\" placeholder=\"Message...\"><\/textarea>\t\t\t\t<\/div>\n\t\t\t\t\t\t\t\t<div class=\"elementor-field-group elementor-column elementor-field-type-submit elementor-col-100 e-form__buttons\">\n\t\t\t\t\t<button class=\"elementor-button elementor-size-sm\" type=\"submit\">\n\t\t\t\t\t\t<span class=\"elementor-button-content-wrapper\">\n\t\t\t\t\t\t\t\t\t\t\t\t\t\t\t<span class=\"elementor-button-icon\">\n\t\t\t\t\t\t\t\t\t<svg xmlns=\"http:\/\/www.w3.org\/2000\/svg\" width=\"24\" height=\"24\" viewbox=\"0 0 24 24\" fill=\"none\"><path d=\"M12.75 15L15.75 12M15.75 12L12.75 9M15.75 12H8.25M21 12C21 13.1819 20.7672 14.3522 20.3149 15.4442C19.8626 16.5361 19.1997 17.5282 18.364 18.364C17.5282 19.1997 16.5361 19.8626 15.4442 20.3149C14.3522 20.7672 13.1819 21 12 21C10.8181 21 9.64778 20.7672 8.55585 20.3149C7.46392 19.8626 6.47177 19.1997 5.63604 18.364C4.80031 17.5282 4.13738 16.5361 3.68508 15.4442C3.23279 14.3522 3 13.1819 3 12C3 9.61305 3.94821 7.32387 5.63604 5.63604C7.32387 3.94821 9.61305 3 12 3C14.3869 3 16.6761 3.94821 18.364 5.63604C20.0518 7.32387 21 9.61305 21 12Z\" stroke=\"white\" stroke-width=\"1.4\" stroke-linecap=\"round\" stroke-linejoin=\"round\"><\/path><\/svg>\t\t\t\t\t\t\t\t\t\t\t\t\t\t\t\t\t<\/span>\n\t\t\t\t\t\t\t\t\t\t\t\t\t\t\t\t\t\t\t\t\t\t<span class=\"elementor-button-text\">Send request<\/span>\n\t\t\t\t\t\t\t\t\t\t\t\t\t<\/span>\n\t\t\t\t\t<\/button>\n\t\t\t\t<\/div>\n\t\t\t<\/div>\n\t\t<input type=\"hidden\" name=\"trp-form-language\" value=\"en\"\/><\/form>\n\t\t\t\t\t\t<\/div>\n\t\t\t\t<\/div>\n\t\t\t\t<\/div>","protected":false},"excerpt":{"rendered":"<p>Intrasoft Compliance Suite Mes esame partneriai diegiant Netcompany Solon Tax \u2013 pa\u017eangiausi\u0105 sprendim\u0105 mokes\u010di\u0173 administracijoms. \u201eIntrasoft Compliance Suite\u201c (ESKORT) apima vis\u0105 atitikties cikl\u0105: Prie\u0161 audit\u0105 \u2013 duomen\u0173 analiz\u0117, riziking\u0173 atvej\u0173 atranka, plano sudarymas. Auditas \u2013 tyrim\u0173 vykdymas, ataskait\u0173 parengimas. Po audito \u2013 rezultat\u0173 per\u017ei\u016bra, sprendim\u0173 pri\u0117mimas ir sankcij\u0173 \u012fgyvendinimas. \u0160is modelis suteikia skaidrum\u0105, efektyvum\u0105 ir [&hellip;]<\/p>","protected":false},"author":1,"featured_media":0,"parent":0,"menu_order":0,"comment_status":"closed","ping_status":"closed","template":"","meta":{"footnotes":""},"class_list":["post-371","page","type-page","status-publish","hentry"],"meta_box":{"partneriai":[],"klientai":[]},"_links":{"self":[{"href":"https:\/\/neokodas.lt\/en\/wp-json\/wp\/v2\/pages\/371","targetHints":{"allow":["GET"]}}],"collection":[{"href":"https:\/\/neokodas.lt\/en\/wp-json\/wp\/v2\/pages"}],"about":[{"href":"https:\/\/neokodas.lt\/en\/wp-json\/wp\/v2\/types\/page"}],"author":[{"embeddable":true,"href":"https:\/\/neokodas.lt\/en\/wp-json\/wp\/v2\/users\/1"}],"replies":[{"embeddable":true,"href":"https:\/\/neokodas.lt\/en\/wp-json\/wp\/v2\/comments?post=371"}],"version-history":[{"count":31,"href":"https:\/\/neokodas.lt\/en\/wp-json\/wp\/v2\/pages\/371\/revisions"}],"predecessor-version":[{"id":986,"href":"https:\/\/neokodas.lt\/en\/wp-json\/wp\/v2\/pages\/371\/revisions\/986"}],"wp:attachment":[{"href":"https:\/\/neokodas.lt\/en\/wp-json\/wp\/v2\/media?parent=371"}],"curies":[{"name":"wp","href":"https:\/\/api.w.org\/{rel}","templated":true}]}}