{"id":896,"date":"2025-10-23T16:02:56","date_gmt":"2025-10-23T13:02:56","guid":{"rendered":"https:\/\/neokodas.lt\/en\/?page_id=896"},"modified":"2025-11-28T14:13:33","modified_gmt":"2025-11-28T11:13:33","slug":"laima","status":"publish","type":"page","link":"https:\/\/neokodas.lt\/en\/laima\/","title":{"rendered":"LAIMA"},"content":{"rendered":"<div data-elementor-type=\"wp-page\" data-elementor-id=\"896\" class=\"elementor elementor-896\" data-elementor-post-type=\"page\">\n\t\t\t\t<div class=\"elementor-element elementor-element-7950b755 e-con-full e-flex e-con e-parent\" data-id=\"7950b755\" data-element_type=\"container\">\n\t\t<div class=\"elementor-element elementor-element-8ce66e2 e-flex e-con-boxed e-con e-child\" data-id=\"8ce66e2\" data-element_type=\"container\">\n\t\t\t\t\t<div class=\"e-con-inner\">\n\t\t<div class=\"elementor-element elementor-element-296e2187 e-con-full e-flex e-con e-child\" data-id=\"296e2187\" data-element_type=\"container\">\n\t\t<div class=\"elementor-element elementor-element-5ce55133 e-con-full e-flex e-con e-child\" data-id=\"5ce55133\" data-element_type=\"container\">\n\t\t\t\t<div class=\"elementor-element elementor-element-7f59469a elementor-widget elementor-widget-heading\" data-id=\"7f59469a\" data-element_type=\"widget\" data-widget_type=\"heading.default\">\n\t\t\t\t\t<h2 class=\"elementor-heading-title elementor-size-default\">LAIMA Monitoring &amp; Intervention System<\/h2>\t\t\t\t<\/div>\n\t\t\t\t<\/div>\n\t\t\t\t<div class=\"elementor-element elementor-element-231310a elementor-widget elementor-widget-text-editor\" data-id=\"231310a\" data-element_type=\"widget\" data-widget_type=\"text-editor.default\">\n\t\t\t\t\t\t\t\t\t<p>Real-time patient monitoring at home delivers hospital-level accuracy and convenience.<\/p>\n<p>Healthcare providers gain access to new streams of clinical insights that improve decision-making and patient outcomes. Payers benefit from significant cost savings through reduced hospital stays and more efficient resource allocation. Pharmaceutical companies achieve maximum efficiency, transparency, and data quality by strengthening research and development as well as post-market monitoring.<\/p>\n<p>Most importantly, patients experience greater satisfaction and a better quality of life knowing they are being safely monitored in the comfort of their own homes. The system replicates hospital-level care standards while increasing overall efficiency across the healthcare ecosystem, reducing costs for all stakeholders, and improving patient well-being.<\/p><p><br><\/p>\t\t\t\t\t\t\t\t<\/div>\n\t\t\t\t<\/div>\n\t\t\t\t\t<\/div>\n\t\t\t\t<\/div>\n\t\t\t\t<\/div>\n\t\t<div class=\"elementor-element elementor-element-16c73f0 e-con-full e-flex e-con e-parent\" data-id=\"16c73f0\" data-element_type=\"container\" data-settings=\"{&quot;background_background&quot;:&quot;classic&quot;}\">\n\t\t<div class=\"elementor-element elementor-element-d5f78d2 e-flex e-con-boxed e-con e-child\" data-id=\"d5f78d2\" data-element_type=\"container\">\n\t\t\t\t\t<div class=\"e-con-inner\">\n\t\t<div class=\"elementor-element elementor-element-851b67c e-con-full e-flex e-con e-child\" data-id=\"851b67c\" data-element_type=\"container\">\n\t\t<div class=\"elementor-element elementor-element-342cd07 e-con-full e-flex e-con e-child\" data-id=\"342cd07\" data-element_type=\"container\">\n\t\t<div class=\"elementor-element elementor-element-6ec125b e-con-full e-flex e-con e-child\" data-id=\"6ec125b\" data-element_type=\"container\">\n\t\t\t\t<div class=\"elementor-element elementor-element-3a762ec elementor-widget elementor-widget-image\" data-id=\"3a762ec\" data-element_type=\"widget\" data-widget_type=\"image.default\">\n\t\t\t\t\t\t\t\t\t\t\t\t\t\t\t<img fetchpriority=\"high\" decoding=\"async\" width=\"770\" height=\"457\" src=\"https:\/\/neokodas.lt\/wp-content\/uploads\/2025\/08\/Group-39990.jpg\" class=\"attachment-large size-large wp-image-441\" alt=\"\" srcset=\"https:\/\/neokodas.lt\/wp-content\/uploads\/2025\/08\/Group-39990.jpg 770w, https:\/\/neokodas.lt\/wp-content\/uploads\/2025\/08\/Group-39990-300x178.jpg 300w, https:\/\/neokodas.lt\/wp-content\/uploads\/2025\/08\/Group-39990-768x456.jpg 768w\" sizes=\"(max-width: 770px) 100vw, 770px\" \/>\t\t\t\t\t\t\t\t\t\t\t\t\t\t\t<\/div>\n\t\t\t\t<\/div>\n\t\t<div class=\"elementor-element elementor-element-2cf492f e-con-full e-flex e-con e-child\" data-id=\"2cf492f\" data-element_type=\"container\">\n\t\t\t\t<div class=\"elementor-element elementor-element-6b72ccc elementor-widget elementor-widget-text-editor\" data-id=\"6b72ccc\" data-element_type=\"widget\" data-widget_type=\"text-editor.default\">\n\t\t\t\t\t\t\t\t\t<p>Our solution \u2013 the monitoring and intervention system LAIMA (MIS LAIMA) \u2013 enables continuous monitoring, integration, and real\u2011time analysis of: (1) passively generated high\u2011resolution data streams using smartphone sensors (i.e., digital phenotyping); (2) actively collected data (surveys) through a multichannel portal (via the internet and SMS messages); (3) other relevant data sources (clinical data, EHR); (4) integration with mobile health interventions (mHealth).<\/p>\t\t\t\t\t\t\t\t<\/div>\n\t\t\t\t<\/div>\n\t\t\t\t<\/div>\n\t\t\t\t<\/div>\n\t\t<div class=\"elementor-element elementor-element-330c075 e-con-full e-flex e-con e-child\" data-id=\"330c075\" data-element_type=\"container\">\n\t\t\t\t<\/div>\n\t\t\t\t\t<\/div>\n\t\t\t\t<\/div>\n\t\t\t\t<\/div>\n\t\t<div class=\"elementor-element elementor-element-5ee38bf e-con-full e-flex e-con e-parent\" data-id=\"5ee38bf\" data-element_type=\"container\" data-settings=\"{&quot;background_background&quot;:&quot;classic&quot;}\">\n\t\t<div class=\"elementor-element elementor-element-9b420d7 e-flex e-con-boxed e-con e-child\" data-id=\"9b420d7\" data-element_type=\"container\">\n\t\t\t\t\t<div class=\"e-con-inner\">\n\t\t<div class=\"elementor-element elementor-element-c4a6bc0 e-con-full e-flex e-con e-child\" data-id=\"c4a6bc0\" data-element_type=\"container\">\n\t\t<div class=\"elementor-element elementor-element-d1c98b1 e-con-full e-flex e-con e-child\" data-id=\"d1c98b1\" data-element_type=\"container\">\n\t\t<div class=\"elementor-element elementor-element-b1778c1 e-con-full e-flex e-con e-child\" data-id=\"b1778c1\" data-element_type=\"container\">\n\t\t\t\t<div class=\"elementor-element elementor-element-0e61ac3 elementor-widget elementor-widget-text-editor\" data-id=\"0e61ac3\" data-element_type=\"widget\" data-widget_type=\"text-editor.default\">\n\t\t\t\t\t\t\t\t\t<p>The idea of using smartphone data to monitor patient health has been increasingly examined and discussed in high-impact scientific journals in recent years. The growing interest in digital phenotyping research indicates that this approach holds significant potential for improving the quality of healthcare.<\/p>\t\t\t\t\t\t\t\t<\/div>\n\t\t\t\t<\/div>\n\t\t<div class=\"elementor-element elementor-element-30d2264 e-con-full e-flex e-con e-child\" data-id=\"30d2264\" data-element_type=\"container\">\n\t\t\t\t<div class=\"elementor-element elementor-element-8c84a2d elementor-widget elementor-widget-image\" data-id=\"8c84a2d\" data-element_type=\"widget\" data-widget_type=\"image.default\">\n\t\t\t\t\t\t\t\t\t\t\t\t\t\t\t<img decoding=\"async\" width=\"800\" height=\"544\" src=\"https:\/\/neokodas.lt\/wp-content\/uploads\/2025\/08\/Group-39993.png\" class=\"attachment-large size-large wp-image-442\" alt=\"\" srcset=\"https:\/\/neokodas.lt\/wp-content\/uploads\/2025\/08\/Group-39993.png 833w, https:\/\/neokodas.lt\/wp-content\/uploads\/2025\/08\/Group-39993-300x204.png 300w, https:\/\/neokodas.lt\/wp-content\/uploads\/2025\/08\/Group-39993-768x522.png 768w\" sizes=\"(max-width: 800px) 100vw, 800px\" \/>\t\t\t\t\t\t\t\t\t\t\t\t\t\t\t<\/div>\n\t\t\t\t<\/div>\n\t\t\t\t<\/div>\n\t\t\t\t<\/div>\n\t\t\t\t\t<\/div>\n\t\t\t\t<\/div>\n\t\t\t\t<\/div>\n\t\t<div class=\"elementor-element elementor-element-2c176530 e-con-full e-flex e-con e-parent\" data-id=\"2c176530\" data-element_type=\"container\" data-settings=\"{&quot;background_background&quot;:&quot;classic&quot;}\">\n\t\t\t\t<div class=\"elementor-element elementor-element-9f49a8d elementor-widget elementor-widget-heading\" data-id=\"9f49a8d\" data-element_type=\"widget\" data-widget_type=\"heading.default\">\n\t\t\t\t\t<h2 class=\"elementor-heading-title elementor-size-default\">Contact us<\/h2>\t\t\t\t<\/div>\n\t\t\t\t<div class=\"elementor-element elementor-element-1f422ed5 elementor-button-align-center elementor-widget__width-initial elementor-widget elementor-widget-form\" data-id=\"1f422ed5\" data-element_type=\"widget\" data-settings=\"{&quot;step_next_label&quot;:&quot;Next&quot;,&quot;step_previous_label&quot;:&quot;Previous&quot;,&quot;button_width&quot;:&quot;100&quot;,&quot;step_type&quot;:&quot;number_text&quot;,&quot;step_icon_shape&quot;:&quot;circle&quot;}\" data-widget_type=\"form.default\">\n\t\t\t\t\t\t\t<form class=\"elementor-form\" method=\"post\" name=\"New Form\" aria-label=\"New Form\" action=\"\">\n\t\t\t<input type=\"hidden\" name=\"post_id\" value=\"896\"\/>\n\t\t\t<input type=\"hidden\" name=\"form_id\" value=\"1f422ed5\"\/>\n\t\t\t<input type=\"hidden\" name=\"referer_title\" value=\"LAIMA\" \/>\n\n\t\t\t\t\t\t\t<input type=\"hidden\" name=\"queried_id\" value=\"896\"\/>\n\t\t\t\n\t\t\t<div class=\"elementor-form-fields-wrapper elementor-labels-\">\n\t\t\t\t\t\t\t\t<div class=\"elementor-field-type-text elementor-field-group elementor-column elementor-field-group-name elementor-col-50\">\n\t\t\t\t\t\t\t\t\t\t\t\t<label for=\"form-field-name\" class=\"elementor-field-label elementor-screen-only\">\n\t\t\t\t\t\t\t\tName\t\t\t\t\t\t\t<\/label>\n\t\t\t\t\t\t\t\t\t\t\t\t\t\t<input size=\"1\" type=\"text\" name=\"form_fields[name]\" id=\"form-field-name\" class=\"elementor-field elementor-size-sm  elementor-field-textual\" placeholder=\"Name\">\n\t\t\t\t\t\t\t\t\t\t\t<\/div>\n\t\t\t\t\t\t\t\t<div class=\"elementor-field-type-text elementor-field-group elementor-column elementor-field-group-field_a4f2603 elementor-col-50\">\n\t\t\t\t\t\t\t\t\t\t\t\t<label for=\"form-field-field_a4f2603\" class=\"elementor-field-label elementor-screen-only\">\n\t\t\t\t\t\t\t\tSurname\t\t\t\t\t\t\t<\/label>\n\t\t\t\t\t\t\t\t\t\t\t\t\t\t<input size=\"1\" type=\"text\" name=\"form_fields[field_a4f2603]\" id=\"form-field-field_a4f2603\" class=\"elementor-field elementor-size-sm  elementor-field-textual\" placeholder=\"Surname\">\n\t\t\t\t\t\t\t\t\t\t\t<\/div>\n\t\t\t\t\t\t\t\t<div class=\"elementor-field-type-email elementor-field-group elementor-column elementor-field-group-email elementor-col-100 elementor-field-required\">\n\t\t\t\t\t\t\t\t\t\t\t\t<label for=\"form-field-email\" class=\"elementor-field-label elementor-screen-only\">\n\t\t\t\t\t\t\t\tEmail\t\t\t\t\t\t\t<\/label>\n\t\t\t\t\t\t\t\t\t\t\t\t\t\t<input size=\"1\" type=\"email\" name=\"form_fields[email]\" id=\"form-field-email\" class=\"elementor-field elementor-size-sm  elementor-field-textual\" placeholder=\"Email\" required=\"required\">\n\t\t\t\t\t\t\t\t\t\t\t<\/div>\n\t\t\t\t\t\t\t\t<div class=\"elementor-field-type-textarea elementor-field-group elementor-column elementor-field-group-message elementor-col-100\">\n\t\t\t\t\t\t\t\t\t\t\t\t<label for=\"form-field-message\" class=\"elementor-field-label elementor-screen-only\">\n\t\t\t\t\t\t\t\tMessage\t\t\t\t\t\t\t<\/label>\n\t\t\t\t\t\t<textarea class=\"elementor-field-textual elementor-field  elementor-size-sm\" name=\"form_fields[message]\" id=\"form-field-message\" rows=\"4\" placeholder=\"Message\"><\/textarea>\t\t\t\t<\/div>\n\t\t\t\t\t\t\t\t<div class=\"elementor-field-group elementor-column elementor-field-type-submit elementor-col-100 e-form__buttons\">\n\t\t\t\t\t<button class=\"elementor-button elementor-size-sm\" type=\"submit\">\n\t\t\t\t\t\t<span class=\"elementor-button-content-wrapper\">\n\t\t\t\t\t\t\t\t\t\t\t\t\t\t\t<span class=\"elementor-button-icon\">\n\t\t\t\t\t\t\t\t\t<svg xmlns=\"http:\/\/www.w3.org\/2000\/svg\" width=\"24\" height=\"24\" viewbox=\"0 0 24 24\" fill=\"none\"><path d=\"M12.75 15L15.75 12M15.75 12L12.75 9M15.75 12H8.25M21 12C21 13.1819 20.7672 14.3522 20.3149 15.4442C19.8626 16.5361 19.1997 17.5282 18.364 18.364C17.5282 19.1997 16.5361 19.8626 15.4442 20.3149C14.3522 20.7672 13.1819 21 12 21C10.8181 21 9.64778 20.7672 8.55585 20.3149C7.46392 19.8626 6.47177 19.1997 5.63604 18.364C4.80031 17.5282 4.13738 16.5361 3.68508 15.4442C3.23279 14.3522 3 13.1819 3 12C3 9.61305 3.94821 7.32387 5.63604 5.63604C7.32387 3.94821 9.61305 3 12 3C14.3869 3 16.6761 3.94821 18.364 5.63604C20.0518 7.32387 21 9.61305 21 12Z\" stroke=\"white\" stroke-width=\"1.4\" stroke-linecap=\"round\" stroke-linejoin=\"round\"><\/path><\/svg>\t\t\t\t\t\t\t\t\t\t\t\t\t\t\t\t\t<\/span>\n\t\t\t\t\t\t\t\t\t\t\t\t\t\t\t\t\t\t\t\t\t\t<span class=\"elementor-button-text\">Send<\/span>\n\t\t\t\t\t\t\t\t\t\t\t\t\t<\/span>\n\t\t\t\t\t<\/button>\n\t\t\t\t<\/div>\n\t\t\t<\/div>\n\t\t<input type=\"hidden\" name=\"trp-form-language\" value=\"en\"\/><\/form>\n\t\t\t\t\t\t<\/div>\n\t\t\t\t<\/div>\n\t\t<div class=\"elementor-element elementor-element-b7a8034 e-flex e-con-boxed e-con e-parent\" data-id=\"b7a8034\" data-element_type=\"container\">\n\t\t\t\t\t<div class=\"e-con-inner\">\n\t\t\t\t\t<\/div>\n\t\t\t\t<\/div>\n\t\t\t\t<\/div>","protected":false},"excerpt":{"rendered":"<p>LAIMA steb\u0117senos ir intervencijos sistema Nuotolinis pacient\u0173 steb\u0117jimas namuose u\u017etikrina ligonin\u0117s lygio tikslum\u0105 ir patogum\u0105. Sveikatos prie\u017ei\u016bros specialistai gauna prieig\u0105 prie nauj\u0173 klinikini\u0173 duomen\u0173 sraut\u0173, kurie pagerina sprendim\u0173 pri\u0117mim\u0105 ir pacient\u0173 gydymo rezultatus. Mok\u0117tojai (draudikai) pasiekia reik\u0161ming\u0105 ka\u0161t\u0173 taupym\u0105 d\u0117l sutrump\u0117jusi\u0173 hospitalizacijos laikotarpi\u0173 ir efektyvesnio i\u0161tekli\u0173 paskirstymo. Farmacijos bendrov\u0117s u\u017etikrina did\u017eiausi\u0105 efektyvum\u0105, skaidrum\u0105 ir duomen\u0173 [&hellip;]<\/p>","protected":false},"author":2,"featured_media":0,"parent":0,"menu_order":0,"comment_status":"closed","ping_status":"closed","template":"","meta":{"footnotes":""},"class_list":["post-896","page","type-page","status-publish","hentry"],"meta_box":{"partneriai":[],"klientai":[]},"_links":{"self":[{"href":"https:\/\/neokodas.lt\/en\/wp-json\/wp\/v2\/pages\/896","targetHints":{"allow":["GET"]}}],"collection":[{"href":"https:\/\/neokodas.lt\/en\/wp-json\/wp\/v2\/pages"}],"about":[{"href":"https:\/\/neokodas.lt\/en\/wp-json\/wp\/v2\/types\/page"}],"author":[{"embeddable":true,"href":"https:\/\/neokodas.lt\/en\/wp-json\/wp\/v2\/users\/2"}],"replies":[{"embeddable":true,"href":"https:\/\/neokodas.lt\/en\/wp-json\/wp\/v2\/comments?post=896"}],"version-history":[{"count":36,"href":"https:\/\/neokodas.lt\/en\/wp-json\/wp\/v2\/pages\/896\/revisions"}],"predecessor-version":[{"id":1027,"href":"https:\/\/neokodas.lt\/en\/wp-json\/wp\/v2\/pages\/896\/revisions\/1027"}],"wp:attachment":[{"href":"https:\/\/neokodas.lt\/en\/wp-json\/wp\/v2\/media?parent=896"}],"curies":[{"name":"wp","href":"https:\/\/api.w.org\/{rel}","templated":true}]}}